{"id":637,"date":"2012-11-09T12:16:25","date_gmt":"2012-11-09T12:16:25","guid":{"rendered":"http:\/\/www.estudiomusrecords.com\/mus\/?page_id=637"},"modified":"2014-02-21T16:46:15","modified_gmt":"2014-02-21T16:46:15","slug":"equipamiento","status":"publish","type":"page","link":"https:\/\/estudiocinco.com\/?page_id=637","title":{"rendered":"EL ESTUDIO"},"content":{"rendered":"<p><span style=\"font-family: verdana,geneva;\">Estudio 5 pone a disposici\u00f3n de todos los m\u00fasicos un estudio dise\u00f1ado para proporcionar un ambiente de comodidad y relajaci\u00f3n que favorezca el proceso creativo de los artistas guiado por nuestros profesionales, con m\u00e1s de veinte a\u00f1os de trabajo y experiencia en el sector<\/span>.<\/p>\n<h1><span style=\"font-family: verdana,geneva;\">LAS INSTALACIONES<\/span><strong><span style=\"font-family: verdana,geneva;\">\u00a0<\/span><\/strong><\/h1>\n<p><span style=\"font-family: verdana,geneva;\">&#8211; Desde la <strong>Sala de Control<\/strong>, nuestro personal t\u00e9cnico o los productores con los que desees trabajar, pueden dar forma a tus ideas musicales con la m\u00e1xima calidad y fiabilidad en los procesos de grabaci\u00f3n, edici\u00f3n y masterizaci\u00f3n gracias un sofisticado equipamiento de primer nivel que incorpora y combina los sistemas digitales (Pro Tools, HD) con las herramientas anal\u00f3gicas (previos NEVE, SUMIT, MATT&#8230;) que dar\u00e1n calidez y color a tu m\u00fasica.<\/span><\/p>\n<p><span style=\"font-family: verdana,geneva;\">&#8211; La caracter\u00edstica principal de la <strong>Sala de Grabaci\u00f3n<\/strong> es su equilibrio ac\u00fastico. Est\u00e1 equipada con un sistema de climatizaci\u00f3n, con luz indirecta y luz natural para hacer m\u00e1s agradables y confortables tus horas de trabajo. Cuenta con un completo Patch de conexiones y acceso directo a la Sala de Control, un amplio visor entre las salas y un sistema de monitorizaci\u00f3n de video para que m\u00fasicos y t\u00e9cnicos est\u00e9n permanentemente conectados. Sin olvidar un acceso de carga y<\/span><span style=\"font-family: verdana,geneva;\"> descarga de backline a pie de calle.<\/span><\/p>\n<h1>SERVICIOS DISPONIBLES<\/h1>\n<p><strong>Estudio 5 est\u00e1 enfocado a la grabaci\u00f3n de trabajos musicales de primer nivel sin olvidar las demandas de los grupos m\u00e1s noveles.<\/strong> Es por ello que abarcamos desde la grabaci\u00f3n de tu primera maqueta hasta el trabajo m\u00e1s exigente de productores y m\u00fasicos. Todo este trabajo estar\u00e1 siempre asesorado de forma personalizada teniendo en cuenta tus posibilidades y objetivos. Algunos de nuestros servicios est\u00e1ndar son:<\/p>\n<p>&#8211; Grabaci\u00f3n Multipista en Estudio.<\/p>\n<p>&#8211; Grabaciones de Maquetas en Estudio.<\/p>\n<p>&#8211; Trabajos de edici\u00f3n, ajuste, limpieza&#8230;<\/p>\n<p>&#8211; Trabajos de Masterizaci\u00f3n.<\/p>\n<p>&#8211; Edici\u00f3n de audio para v\u00eddeo.<\/p>\n<p>&#8211; Montajes de audio para compa\u00f1\u00edas de Artes Esc\u00e9nicas.<\/p>\n<p>&#8211; Todo lo relacionado con el mundo del sonido.<\/p>\n<p>Adem\u00e1s ofrecemos la posibilidad de alquilar backline y material de grabaci\u00f3n a precios competitivos.<\/p>\n","protected":false},"excerpt":{"rendered":"<p>Estudio 5 pone a disposici\u00f3n de todos los m\u00fasicos un estudio dise\u00f1ado para proporcionar un ambiente de comodidad y relajaci\u00f3n que favorezca el proceso creativo de los artistas guiado por nuestros profesionales, con m\u00e1s de veinte a\u00f1os de trabajo y experiencia en el sector. LAS INSTALACIONES\u00a0 &#8211; Desde la Sala de Control, nuestro personal t\u00e9cnico &hellip; <\/p>\n<p class=\"link-more\"><a href=\"https:\/\/estudiocinco.com\/?page_id=637\" class=\"more-link\">Continuar leyendo<span class=\"screen-reader-text\"> \u00abEL ESTUDIO\u00bb<\/span><\/a><\/p>\n","protected":false},"author":1,"featured_media":0,"parent":0,"menu_order":0,"comment_status":"closed","ping_status":"open","template":"","meta":{"footnotes":""},"class_list":["post-637","page","type-page","status-publish","hentry"],"_links":{"self":[{"href":"https:\/\/estudiocinco.com\/index.php?rest_route=\/wp\/v2\/pages\/637","targetHints":{"allow":["GET"]}}],"collection":[{"href":"https:\/\/estudiocinco.com\/index.php?rest_route=\/wp\/v2\/pages"}],"about":[{"href":"https:\/\/estudiocinco.com\/index.php?rest_route=\/wp\/v2\/types\/page"}],"author":[{"embeddable":true,"href":"https:\/\/estudiocinco.com\/index.php?rest_route=\/wp\/v2\/users\/1"}],"replies":[{"embeddable":true,"href":"https:\/\/estudiocinco.com\/index.php?rest_route=%2Fwp%2Fv2%2Fcomments&post=637"}],"version-history":[{"count":5,"href":"https:\/\/estudiocinco.com\/index.php?rest_route=\/wp\/v2\/pages\/637\/revisions"}],"predecessor-version":[{"id":802,"href":"https:\/\/estudiocinco.com\/index.php?rest_route=\/wp\/v2\/pages\/637\/revisions\/802"}],"wp:attachment":[{"href":"https:\/\/estudiocinco.com\/index.php?rest_route=%2Fwp%2Fv2%2Fmedia&parent=637"}],"curies":[{"name":"wp","href":"https:\/\/api.w.org\/{rel}","templated":true}]}}