{"id":642,"date":"2012-11-09T12:17:27","date_gmt":"2012-11-09T12:17:27","guid":{"rendered":"http:\/\/www.estudiomusrecords.com\/mus\/?page_id=642"},"modified":"2014-02-21T17:07:11","modified_gmt":"2014-02-21T17:07:11","slug":"equipamiento-2","status":"publish","type":"page","link":"https:\/\/estudiocinco.com\/?page_id=642","title":{"rendered":"EQUIPAMIENTO"},"content":{"rendered":"<p><strong>SISTEMA DE GRABACI\u00d3N:<\/strong><\/p>\n<p><strong><\/strong><span style=\"line-height: 1.5em;\">PRO TOOLS HD3 \/ 2 M\u00d3DULOS 96 I-O + MOTU MK III 24-96<\/span><\/p>\n<p><span style=\"color: #000000;\"><code><span style=\"font-family: verdana, geneva; line-height: 1.5em;\"><span style=\"color: #333333; font-family: Georgia, 'Times New Roman', 'Bitstream Charter', Times, serif; line-height: 1.5em;\">MAC PRO 2X2, 26HZ QUAD CORE INTEL XENON<\/span><\/span><\/code><\/span><\/p>\n<p>SISTEMA DE GRABACI\u00d3N ANAL\u00d3GICO<\/p>\n<p>TASCAM MSR-16 \/16 PISTAS EN CINTA DE 1&#8243;<\/p>\n<p>DAT TASCAM DA-30<\/p>\n<p><strong style=\"line-height: 1.5em;\">ESCUCHAS:<\/strong><\/p>\n<p>BAREFOOT\u00a0 Micro Main 35<\/p>\n<p>GENELEC 1031A<\/p>\n<p>PROAC 100<\/p>\n<p>YAMAHA NS 10<\/p>\n<p><strong>PREVIOS<\/strong><\/p>\n<p><span style=\"font-family: verdana,geneva;\"><span style=\"font-family: Georgia, 'Times New Roman', 'Bitstream Charter', Times, serif; line-height: 1.5em;\">NEVE PRISMA (4 canales previo puerta compresor) de las legendarias mesas NEVE VR<\/span><\/span><\/p>\n<p><span style=\"font-family: verdana,geneva;\"><span style=\"font-family: Georgia, 'Times New Roman', 'Bitstream Charter', Times, serif; line-height: 1.5em;\">DBX 160SL Compresor Stereo<\/span><\/span><\/p>\n<p>SUMMIT TLA-50 x4 Tube leveler<\/p>\n<p>TLAudio 5001 4 previos<\/p>\n<p>TFPRO MODELO P2, chanel strip stereo<\/p>\n<p>MATT COMP-S1 Compresor de v\u00e1lvulas variable mu. (hecho a mano)<\/p>\n<p>MATT PRE S2WL Previo stereo de v\u00e1lvulas (hecho a mano)<\/p>\n<p>MATT EQP-S1 Ecualizador tipo PULTEC\u00a0 (hecho a mano)<\/p>\n<p><strong style=\"line-height: 1.5em;\">MICROFON\u00cdA<\/strong><\/p>\n<p>Neuman\u00a0TLM 170<\/p>\n<p>Senheisser 421 x 6<\/p>\n<p>Oktava MK219. Shure, 57, 58, 81, 98.<\/p>\n<p><strong>EFECTOS<\/strong><\/p>\n<p>LEXICON MPX 500<\/p>\n<p>LEXICON MPX 100<\/p>\n<p>ROLAND DEP 5<\/p>\n<p>DESSER 463X<\/p>\n<p>KORG STAGE ECHO SE500\u00a0ECHO DE CINTA<\/p>\n<p>&nbsp;<\/p>\n","protected":false},"excerpt":{"rendered":"<p>SISTEMA DE GRABACI\u00d3N: PRO TOOLS HD3 \/ 2 M\u00d3DULOS 96 I-O + MOTU MK III 24-96 MAC PRO 2X2, 26HZ QUAD CORE INTEL XENON SISTEMA DE GRABACI\u00d3N ANAL\u00d3GICO TASCAM MSR-16 \/16 PISTAS EN CINTA DE 1&#8243; DAT TASCAM DA-30 ESCUCHAS: BAREFOOT\u00a0 Micro Main 35 GENELEC 1031A PROAC 100 YAMAHA NS 10 PREVIOS NEVE PRISMA (4 &hellip; <\/p>\n<p class=\"link-more\"><a href=\"https:\/\/estudiocinco.com\/?page_id=642\" class=\"more-link\">Continuar leyendo<span class=\"screen-reader-text\"> \u00abEQUIPAMIENTO\u00bb<\/span><\/a><\/p>\n","protected":false},"author":1,"featured_media":0,"parent":637,"menu_order":1,"comment_status":"closed","ping_status":"closed","template":"","meta":{"footnotes":""},"class_list":["post-642","page","type-page","status-publish","hentry"],"_links":{"self":[{"href":"https:\/\/estudiocinco.com\/index.php?rest_route=\/wp\/v2\/pages\/642","targetHints":{"allow":["GET"]}}],"collection":[{"href":"https:\/\/estudiocinco.com\/index.php?rest_route=\/wp\/v2\/pages"}],"about":[{"href":"https:\/\/estudiocinco.com\/index.php?rest_route=\/wp\/v2\/types\/page"}],"author":[{"embeddable":true,"href":"https:\/\/estudiocinco.com\/index.php?rest_route=\/wp\/v2\/users\/1"}],"replies":[{"embeddable":true,"href":"https:\/\/estudiocinco.com\/index.php?rest_route=%2Fwp%2Fv2%2Fcomments&post=642"}],"version-history":[{"count":20,"href":"https:\/\/estudiocinco.com\/index.php?rest_route=\/wp\/v2\/pages\/642\/revisions"}],"predecessor-version":[{"id":819,"href":"https:\/\/estudiocinco.com\/index.php?rest_route=\/wp\/v2\/pages\/642\/revisions\/819"}],"up":[{"embeddable":true,"href":"https:\/\/estudiocinco.com\/index.php?rest_route=\/wp\/v2\/pages\/637"}],"wp:attachment":[{"href":"https:\/\/estudiocinco.com\/index.php?rest_route=%2Fwp%2Fv2%2Fmedia&parent=642"}],"curies":[{"name":"wp","href":"https:\/\/api.w.org\/{rel}","templated":true}]}}